{"id":1225,"date":"2023-11-25T17:15:08","date_gmt":"2023-11-25T17:15:08","guid":{"rendered":"https:\/\/translationgames.ca\/?page_id=1225"},"modified":"2024-02-15T23:39:21","modified_gmt":"2024-02-15T23:39:21","slug":"jeux-de-la-traductologie","status":"publish","type":"page","link":"https:\/\/translationgames.ca\/fr\/jeux-de-la-traductologie","title":{"rendered":"Pr\u00e9sentation"},"content":{"rendered":"\t\t<div data-elementor-type=\"wp-page\" data-elementor-id=\"1225\" class=\"elementor elementor-1225\">\n\t\t\t\t<div class=\"elementor-element elementor-element-284ae0f e-flex e-con-boxed e-con e-parent\" data-id=\"284ae0f\" data-element_type=\"container\" data-e-type=\"container\" data-settings=\"{&quot;background_background&quot;:&quot;classic&quot;,&quot;shape_divider_bottom&quot;:&quot;mountains&quot;}\">\n\t\t\t\t\t<div class=\"e-con-inner\">\n\t\t\t\t<div class=\"elementor-shape elementor-shape-bottom\" aria-hidden=\"true\" data-negative=\"false\">\n\t\t\t<svg xmlns=\"http:\/\/www.w3.org\/2000\/svg\" viewBox=\"0 0 1000 100\" preserveAspectRatio=\"none\">\n\t<path class=\"elementor-shape-fill\" opacity=\"0.33\" d=\"M473,67.3c-203.9,88.3-263.1-34-320.3,0C66,119.1,0,59.7,0,59.7V0h1000v59.7 c0,0-62.1,26.1-94.9,29.3c-32.8,3.3-62.8-12.3-75.8-22.1C806,49.6,745.3,8.7,694.9,4.7S492.4,59,473,67.3z\"\/>\n\t<path class=\"elementor-shape-fill\" opacity=\"0.66\" d=\"M734,67.3c-45.5,0-77.2-23.2-129.1-39.1c-28.6-8.7-150.3-10.1-254,39.1 s-91.7-34.4-149.2,0C115.7,118.3,0,39.8,0,39.8V0h1000v36.5c0,0-28.2-18.5-92.1-18.5C810.2,18.1,775.7,67.3,734,67.3z\"\/>\n\t<path class=\"elementor-shape-fill\" d=\"M766.1,28.9c-200-57.5-266,65.5-395.1,19.5C242,1.8,242,5.4,184.8,20.6C128,35.8,132.3,44.9,89.9,52.5C28.6,63.7,0,0,0,0 h1000c0,0-9.9,40.9-83.6,48.1S829.6,47,766.1,28.9z\"\/>\n<\/svg>\t\t<\/div>\n\t\t\t\t\t<\/div>\n\t\t\t\t<\/div>\n\t\t<div class=\"elementor-element elementor-element-9dc4f18 e-flex e-con-boxed e-con e-parent\" data-id=\"9dc4f18\" data-element_type=\"container\" data-e-type=\"container\">\n\t\t\t\t\t<div class=\"e-con-inner\">\n\t\t\t\t<div class=\"elementor-element elementor-element-c150603 elementor-widget elementor-widget-text-editor\" data-id=\"c150603\" data-element_type=\"widget\" data-e-type=\"widget\" data-widget_type=\"text-editor.default\">\n\t\t\t\t<div class=\"elementor-widget-container\">\n\t\t\t\t\t\t\t\t\t<p>Bienvenue sur la page du colloque \u00ab Cadences : Explorations plurielles \u00bb !<\/p><p>Nous serons ravies de vous accueillir \u00e0 cet \u00e9v\u00e9nement du 15 au 17 mars 2024.<\/p><p>Le colloque Cadences est une occasion unique de d\u00e9couvrir et de partager les derni\u00e8res avanc\u00e9es dans l&rsquo;exploration des langues et cultures. Que vous soyez chercheur\u00b7euse, \u00e9tudiant\u00b7e, professionnel\u00b7le de la langue, ou simplement passionn\u00e9\u00b7e par les nuances de la communication, ce colloque offre une occasion exceptionnelle de plonger dans cet univers captivant.<\/p><p>Rejoignez-nous pour trois jours d&rsquo;\u00e9changes enrichissants, de conf\u00e9rences stimulantes et d&rsquo;ateliers anim\u00e9s par des experts renomm\u00e9s. Explorez les multiples facettes de l&rsquo;exploration de la langue, la litt\u00e9rature, la technologie, la censure et bien plus encore.<\/p><p>Laissez-vous emporter par cette occasion unique d&rsquo;explorer de nouveaux horizons.<\/p><p>Pour vous inscrire, c\u2019est juste <a style=\"color: #cd5700;\" href=\"https:\/\/www.zeffy.com\/fr-CA\/ticketing\/c60e51bb-2312-4558-9c9f-4558f7f8cac2\">ici<\/a>!<\/p>\t\t\t\t\t\t\t\t<\/div>\n\t\t\t\t<\/div>\n\t\t\t\t\t<\/div>\n\t\t\t\t<\/div>\n\t\t\t\t<\/div>\n\t\t","protected":false},"excerpt":{"rendered":"<p>Bienvenue sur la page du colloque \u00ab Cadences : Explorations plurielles \u00bb ! Nous serons ravies de vous accueillir \u00e0 cet \u00e9v\u00e9nement du 15 au 17 mars 2024. Le colloque Cadences est une occasion unique de d\u00e9couvrir et de partager les derni\u00e8res avanc\u00e9es dans l&rsquo;exploration des langues et cultures. Que vous soyez chercheur\u00b7euse, \u00e9tudiant\u00b7e, professionnel\u00b7le [&hellip;]<\/p>\n","protected":false},"author":1,"featured_media":0,"parent":0,"menu_order":0,"comment_status":"closed","ping_status":"closed","template":"","meta":{"site-sidebar-layout":"no-sidebar","site-content-layout":"","ast-site-content-layout":"full-width-container","site-content-style":"default","site-sidebar-style":"default","ast-global-header-display":"","ast-banner-title-visibility":"","ast-main-header-display":"","ast-hfb-above-header-display":"","ast-hfb-below-header-display":"","ast-hfb-mobile-header-display":"","site-post-title":"","ast-breadcrumbs-content":"","ast-featured-img":"disabled","footer-sml-layout":"","ast-disable-related-posts":"","theme-transparent-header-meta":"","adv-header-id-meta":"","stick-header-meta":"","header-above-stick-meta":"","header-main-stick-meta":"","header-below-stick-meta":"","astra-migrate-meta-layouts":"","ast-page-background-enabled":"default","ast-page-background-meta":{"desktop":{"background-color":"var(--ast-global-color-4)","background-image":"","background-repeat":"repeat","background-position":"center center","background-size":"auto","background-attachment":"scroll","background-type":"","background-media":"","overlay-type":"","overlay-color":"","overlay-opacity":"","overlay-gradient":""},"tablet":{"background-color":"","background-image":"","background-repeat":"repeat","background-position":"center center","background-size":"auto","background-attachment":"scroll","background-type":"","background-media":"","overlay-type":"","overlay-color":"","overlay-opacity":"","overlay-gradient":""},"mobile":{"background-color":"","background-image":"","background-repeat":"repeat","background-position":"center center","background-size":"auto","background-attachment":"scroll","background-type":"","background-media":"","overlay-type":"","overlay-color":"","overlay-opacity":"","overlay-gradient":""}},"ast-content-background-meta":{"desktop":{"background-color":"var(--ast-global-color-5)","background-image":"","background-repeat":"repeat","background-position":"center center","background-size":"auto","background-attachment":"scroll","background-type":"","background-media":"","overlay-type":"","overlay-color":"","overlay-opacity":"","overlay-gradient":""},"tablet":{"background-color":"var(--ast-global-color-5)","background-image":"","background-repeat":"repeat","background-position":"center center","background-size":"auto","background-attachment":"scroll","background-type":"","background-media":"","overlay-type":"","overlay-color":"","overlay-opacity":"","overlay-gradient":""},"mobile":{"background-color":"var(--ast-global-color-5)","background-image":"","background-repeat":"repeat","background-position":"center center","background-size":"auto","background-attachment":"scroll","background-type":"","background-media":"","overlay-type":"","overlay-color":"","overlay-opacity":"","overlay-gradient":""}},"footnotes":""},"class_list":["post-1225","page","type-page","status-publish","hentry"],"_links":{"self":[{"href":"https:\/\/translationgames.ca\/fr\/wp-json\/wp\/v2\/pages\/1225","targetHints":{"allow":["GET"]}}],"collection":[{"href":"https:\/\/translationgames.ca\/fr\/wp-json\/wp\/v2\/pages"}],"about":[{"href":"https:\/\/translationgames.ca\/fr\/wp-json\/wp\/v2\/types\/page"}],"author":[{"embeddable":true,"href":"https:\/\/translationgames.ca\/fr\/wp-json\/wp\/v2\/users\/1"}],"replies":[{"embeddable":true,"href":"https:\/\/translationgames.ca\/fr\/wp-json\/wp\/v2\/comments?post=1225"}],"version-history":[{"count":42,"href":"https:\/\/translationgames.ca\/fr\/wp-json\/wp\/v2\/pages\/1225\/revisions"}],"predecessor-version":[{"id":1699,"href":"https:\/\/translationgames.ca\/fr\/wp-json\/wp\/v2\/pages\/1225\/revisions\/1699"}],"wp:attachment":[{"href":"https:\/\/translationgames.ca\/fr\/wp-json\/wp\/v2\/media?parent=1225"}],"curies":[{"name":"wp","href":"https:\/\/api.w.org\/{rel}","templated":true}]}}