{"id":34,"date":"2023-10-20T22:03:33","date_gmt":"2023-10-20T22:03:33","guid":{"rendered":"https:\/\/translationgames.ca\/?page_id=34"},"modified":"2025-11-13T03:10:34","modified_gmt":"2025-11-13T03:10:34","slug":"a-propos","status":"publish","type":"page","link":"http:\/\/translationgames.ca\/fr\/a-propos","title":{"rendered":"Pr\u00e9sentation"},"content":{"rendered":"\t\t<div data-elementor-type=\"wp-page\" data-elementor-id=\"34\" class=\"elementor elementor-34\">\n\t\t\t\t<div class=\"elementor-element elementor-element-be70d6d e-flex e-con-boxed e-con e-parent\" data-id=\"be70d6d\" data-element_type=\"container\" data-e-type=\"container\" data-settings=\"{&quot;background_background&quot;:&quot;classic&quot;,&quot;shape_divider_bottom&quot;:&quot;mountains&quot;}\">\n\t\t\t\t\t<div class=\"e-con-inner\">\n\t\t\t\t<div class=\"elementor-shape elementor-shape-bottom\" aria-hidden=\"true\" data-negative=\"false\">\n\t\t\t<svg xmlns=\"http:\/\/www.w3.org\/2000\/svg\" viewBox=\"0 0 1000 100\" preserveAspectRatio=\"none\">\n\t<path class=\"elementor-shape-fill\" opacity=\"0.33\" d=\"M473,67.3c-203.9,88.3-263.1-34-320.3,0C66,119.1,0,59.7,0,59.7V0h1000v59.7 c0,0-62.1,26.1-94.9,29.3c-32.8,3.3-62.8-12.3-75.8-22.1C806,49.6,745.3,8.7,694.9,4.7S492.4,59,473,67.3z\"\/>\n\t<path class=\"elementor-shape-fill\" opacity=\"0.66\" d=\"M734,67.3c-45.5,0-77.2-23.2-129.1-39.1c-28.6-8.7-150.3-10.1-254,39.1 s-91.7-34.4-149.2,0C115.7,118.3,0,39.8,0,39.8V0h1000v36.5c0,0-28.2-18.5-92.1-18.5C810.2,18.1,775.7,67.3,734,67.3z\"\/>\n\t<path class=\"elementor-shape-fill\" d=\"M766.1,28.9c-200-57.5-266,65.5-395.1,19.5C242,1.8,242,5.4,184.8,20.6C128,35.8,132.3,44.9,89.9,52.5C28.6,63.7,0,0,0,0 h1000c0,0-9.9,40.9-83.6,48.1S829.6,47,766.1,28.9z\"\/>\n<\/svg>\t\t<\/div>\n\t\t\t\t\t<\/div>\n\t\t\t\t<\/div>\n\t\t<div class=\"elementor-element elementor-element-99d93db e-flex e-con-boxed e-con e-parent\" data-id=\"99d93db\" data-element_type=\"container\" data-e-type=\"container\">\n\t\t\t\t\t<div class=\"e-con-inner\">\n\t\t\t\t<div class=\"elementor-element elementor-element-3b13a6e elementor-widget elementor-widget-text-editor\" data-id=\"3b13a6e\" data-element_type=\"widget\" data-e-type=\"widget\" data-widget_type=\"text-editor.default\">\n\t\t\t\t<div class=\"elementor-widget-container\">\n\t\t\t\t\t\t\t\t\t<p>Les Jeux de la traduction, c\u2019est une initiative unique en son genre qui occupe une place centrale dans le paysage universitaire et professionnel de la traduction au Canada depuis 2006.<\/p><p>Exp\u00e9rience enrichissante tant sur le plan p\u00e9dagogique que social, elle offre \u00e0 la rel\u00e8ve une occasion in\u00e9gal\u00e9e de rivaliser en toute amiti\u00e9, et la chance extraordinaire de r\u00e9seauter avec des chercheurs et des chercheuses du domaine, des employeurs potentiels et de futurs coll\u00e8gues.<\/p><p>Les Jeux mettent de l\u2019avant la recherche de l\u2019excellence, la cr\u00e9ativit\u00e9, le travail d\u2019\u00e9quipe, la transmission du savoir ainsi que le plaisir de traduire par l\u2019entremise d\u2019\u00e9preuves vari\u00e9es allant de la traduction administrative \u00e0 l\u2019adaptation publicitaire en passant par le doublage, le sous-titrage et la traduction de chansons.<\/p><p>\u00c0 la fin de l\u2019\u00e9v\u00e9nement, quatre prix sont octroy\u00e9s :<\/p><p>\u25b7 la Coupe des Jeux, d\u00e9cern\u00e9e \u00e0 l\u2019\u00e9quipe qui a remport\u00e9 le plus d\u2019\u00e9preuves;<\/p><p>\u25b7 deux prix de traduction individuelle, l\u2019un vers l\u2019anglais, l\u2019autre vers le fran\u00e7ais;<\/p><p>\u25b7 et enfin, le \u00ab Gerry \u00bb, un prix remis par les v\u00e9t\u00e9rans \u00e0 l\u2019\u00e9quipe qui repr\u00e9sente le mieux \u00ab l\u2019esprit des Jeux \u00bb, c\u2019est-\u00e0-dire qui s\u2019est d\u00e9marqu\u00e9e notamment par son dynamisme, sa coop\u00e9ration et sa camaraderie.<\/p>\t\t\t\t\t\t\t\t<\/div>\n\t\t\t\t<\/div>\n\t\t\t\t\t<\/div>\n\t\t\t\t<\/div>\n\t\t<div class=\"elementor-element elementor-element-3731520 e-flex e-con-boxed e-con e-parent\" data-id=\"3731520\" data-element_type=\"container\" data-e-type=\"container\">\n\t\t\t\t\t<div class=\"e-con-inner\">\n\t\t\t\t\t<\/div>\n\t\t\t\t<\/div>\n\t\t<div class=\"elementor-element elementor-element-7ac0cb0 e-flex e-con-boxed e-con e-parent\" data-id=\"7ac0cb0\" data-element_type=\"container\" data-e-type=\"container\">\n\t\t\t\t\t<div class=\"e-con-inner\">\n\t\t<div class=\"elementor-element elementor-element-f2cda37 e-con-full e-flex e-con e-child\" data-id=\"f2cda37\" data-element_type=\"container\" data-e-type=\"container\">\n\t\t\t\t<\/div>\n\t\t\t\t\t<\/div>\n\t\t\t\t<\/div>\n\t\t<div class=\"elementor-element elementor-element-e262ccd e-flex e-con-boxed e-con e-parent\" data-id=\"e262ccd\" data-element_type=\"container\" data-e-type=\"container\">\n\t\t\t\t\t<div class=\"e-con-inner\">\n\t\t\t\t\t<\/div>\n\t\t\t\t<\/div>\n\t\t\t\t<\/div>\n\t\t","protected":false},"excerpt":{"rendered":"<p>Les Jeux de la traduction, c\u2019est une initiative unique en son genre qui occupe une place centrale dans le paysage universitaire et professionnel de la traduction au Canada depuis 2006. Exp\u00e9rience enrichissante tant sur le plan p\u00e9dagogique que social, elle offre \u00e0 la rel\u00e8ve une occasion in\u00e9gal\u00e9e de rivaliser en toute amiti\u00e9, et la chance [&hellip;]<\/p>\n","protected":false},"author":1,"featured_media":0,"parent":0,"menu_order":0,"comment_status":"closed","ping_status":"closed","template":"","meta":{"site-sidebar-layout":"no-sidebar","site-content-layout":"","ast-site-content-layout":"full-width-container","site-content-style":"default","site-sidebar-style":"default","ast-global-header-display":"","ast-banner-title-visibility":"","ast-main-header-display":"","ast-hfb-above-header-display":"","ast-hfb-below-header-display":"","ast-hfb-mobile-header-display":"","site-post-title":"disabled","ast-breadcrumbs-content":"","ast-featured-img":"disabled","footer-sml-layout":"","ast-disable-related-posts":"","theme-transparent-header-meta":"","adv-header-id-meta":"","stick-header-meta":"","header-above-stick-meta":"","header-main-stick-meta":"","header-below-stick-meta":"","astra-migrate-meta-layouts":"default","ast-page-background-enabled":"default","ast-page-background-meta":{"desktop":{"background-color":"var(--ast-global-color-4)","background-image":"","background-repeat":"repeat","background-position":"center center","background-size":"auto","background-attachment":"scroll","background-type":"","background-media":"","overlay-type":"","overlay-color":"","overlay-opacity":"","overlay-gradient":""},"tablet":{"background-color":"","background-image":"","background-repeat":"repeat","background-position":"center center","background-size":"auto","background-attachment":"scroll","background-type":"","background-media":"","overlay-type":"","overlay-color":"","overlay-opacity":"","overlay-gradient":""},"mobile":{"background-color":"","background-image":"","background-repeat":"repeat","background-position":"center center","background-size":"auto","background-attachment":"scroll","background-type":"","background-media":"","overlay-type":"","overlay-color":"","overlay-opacity":"","overlay-gradient":""}},"ast-content-background-meta":{"desktop":{"background-color":"var(--ast-global-color-5)","background-image":"","background-repeat":"repeat","background-position":"center center","background-size":"auto","background-attachment":"scroll","background-type":"","background-media":"","overlay-type":"","overlay-color":"","overlay-opacity":"","overlay-gradient":""},"tablet":{"background-color":"var(--ast-global-color-5)","background-image":"","background-repeat":"repeat","background-position":"center center","background-size":"auto","background-attachment":"scroll","background-type":"","background-media":"","overlay-type":"","overlay-color":"","overlay-opacity":"","overlay-gradient":""},"mobile":{"background-color":"var(--ast-global-color-5)","background-image":"","background-repeat":"repeat","background-position":"center center","background-size":"auto","background-attachment":"scroll","background-type":"","background-media":"","overlay-type":"","overlay-color":"","overlay-opacity":"","overlay-gradient":""}},"footnotes":""},"class_list":["post-34","page","type-page","status-publish","hentry"],"_links":{"self":[{"href":"http:\/\/translationgames.ca\/fr\/wp-json\/wp\/v2\/pages\/34","targetHints":{"allow":["GET"]}}],"collection":[{"href":"http:\/\/translationgames.ca\/fr\/wp-json\/wp\/v2\/pages"}],"about":[{"href":"http:\/\/translationgames.ca\/fr\/wp-json\/wp\/v2\/types\/page"}],"author":[{"embeddable":true,"href":"http:\/\/translationgames.ca\/fr\/wp-json\/wp\/v2\/users\/1"}],"replies":[{"embeddable":true,"href":"http:\/\/translationgames.ca\/fr\/wp-json\/wp\/v2\/comments?post=34"}],"version-history":[{"count":65,"href":"http:\/\/translationgames.ca\/fr\/wp-json\/wp\/v2\/pages\/34\/revisions"}],"predecessor-version":[{"id":2628,"href":"http:\/\/translationgames.ca\/fr\/wp-json\/wp\/v2\/pages\/34\/revisions\/2628"}],"wp:attachment":[{"href":"http:\/\/translationgames.ca\/fr\/wp-json\/wp\/v2\/media?parent=34"}],"curies":[{"name":"wp","href":"https:\/\/api.w.org\/{rel}","templated":true}]}}